{"id":43,"date":"2020-11-16T15:23:52","date_gmt":"2020-11-16T15:23:52","guid":{"rendered":"https:\/\/kabera.de\/?page_id=43"},"modified":"2021-02-24T09:33:10","modified_gmt":"2021-02-24T09:33:10","slug":"unsere-zielgruppen","status":"publish","type":"page","link":"https:\/\/staging.kabera.de\/index.php\/ueber-uns\/unsere-zielgruppen\/","title":{"rendered":"Unsere Zielgruppen"},"content":{"rendered":"\t\t<div data-elementor-type=\"wp-page\" data-elementor-id=\"43\" class=\"elementor elementor-43\">\n\t\t\t\t\t\t<section class=\"elementor-section elementor-top-section elementor-element elementor-element-33707f6f elementor-section-stretched breadcrumbs elementor-section-boxed elementor-section-height-default elementor-section-height-default\" data-id=\"33707f6f\" data-element_type=\"section\" data-settings=\"{&quot;stretch_section&quot;:&quot;section-stretched&quot;,&quot;background_background&quot;:&quot;classic&quot;}\">\n\t\t\t\t\t\t<div class=\"elementor-container elementor-column-gap-default\">\n\t\t\t\t\t<div class=\"elementor-column elementor-col-50 elementor-top-column elementor-element elementor-element-66b44f3e\" data-id=\"66b44f3e\" data-element_type=\"column\">\n\t\t\t<div class=\"elementor-widget-wrap elementor-element-populated\">\n\t\t\t\t\t\t<div class=\"elementor-element elementor-element-654c1458 elementor-widget elementor-widget-heading\" data-id=\"654c1458\" data-element_type=\"widget\" data-widget_type=\"heading.default\">\n\t\t\t\t<div class=\"elementor-widget-container\">\n\t\t\t\t\t<h3 class=\"elementor-heading-title elementor-size-default\">Unsere Zielgruppen<\/h3>\t\t\t\t<\/div>\n\t\t\t\t<\/div>\n\t\t\t\t\t<\/div>\n\t\t<\/div>\n\t\t\t\t<div class=\"elementor-column elementor-col-50 elementor-top-column elementor-element elementor-element-65f9ef30\" data-id=\"65f9ef30\" data-element_type=\"column\">\n\t\t\t<div class=\"elementor-widget-wrap elementor-element-populated\">\n\t\t\t\t\t\t<div class=\"elementor-element elementor-element-111b9687 nomargin breadcrumb elementor-widget elementor-widget-text-editor\" data-id=\"111b9687\" data-element_type=\"widget\" data-widget_type=\"text-editor.default\">\n\t\t\t\t<div class=\"elementor-widget-container\">\n\t\t\t\t\t\t\t\t\t<p><a href=\"https:\/\/staging.kabera.de\/\">Home<\/a>\u00a0 \u00a0&gt;\u00a0 \u00a0<a href=\"https:\/\/staging.kabera.de\/index.php\/ueber-uns\/\">\u00dcber Uns<\/a>\u00a0 \u00a0&gt;\u00a0 \u00a0<a href=\"https:\/\/staging.kabera.de\/index.php\/ueber-uns\/unsere-zielgruppen\/\">Unsere Zielgruppen<\/a><\/p>\t\t\t\t\t\t\t\t<\/div>\n\t\t\t\t<\/div>\n\t\t\t\t\t<\/div>\n\t\t<\/div>\n\t\t\t\t\t<\/div>\n\t\t<\/section>\n\t\t\t\t<section class=\"elementor-section elementor-top-section elementor-element elementor-element-a13e27b elementor-section-stretched elementor-section-boxed elementor-section-height-default elementor-section-height-default\" data-id=\"a13e27b\" data-element_type=\"section\" data-settings=\"{&quot;stretch_section&quot;:&quot;section-stretched&quot;}\">\n\t\t\t\t\t\t<div class=\"elementor-container elementor-column-gap-default\">\n\t\t\t\t\t<div class=\"elementor-column elementor-col-100 elementor-top-column elementor-element elementor-element-2d87f49 desktop_extrapadd\" data-id=\"2d87f49\" data-element_type=\"column\">\n\t\t\t<div class=\"elementor-widget-wrap elementor-element-populated\">\n\t\t\t\t\t\t<div class=\"elementor-element elementor-element-a1da865 elementor-widget elementor-widget-heading\" data-id=\"a1da865\" data-element_type=\"widget\" data-widget_type=\"heading.default\">\n\t\t\t\t<div class=\"elementor-widget-container\">\n\t\t\t\t\t<h4 class=\"elementor-heading-title elementor-size-default\">An wen richtet sich Kabera?<\/h4>\t\t\t\t<\/div>\n\t\t\t\t<\/div>\n\t\t\t\t<div class=\"elementor-element elementor-element-646fedd elementor-widget elementor-widget-text-editor\" data-id=\"646fedd\" data-element_type=\"widget\" data-widget_type=\"text-editor.default\">\n\t\t\t\t<div class=\"elementor-widget-container\">\n\t\t\t\t\t\t\t\t\t<p>Als Einrichtung zur ambulanten Beratung und Pr\u00e4vention bei Essst\u00f6rungen bietet Kabera nicht nur eine Hilfe f\u00fcr Betroffene. Auch Personen im Umfeld ben\u00f6tigen h\u00e4ufig Unterst\u00fctzung im Umgang mit der Situation, weshalb der Einbezug von Familie, Partner*innen und weiteren Unterst\u00fctzenden ein wichtiger Teil unserer Beratung ist. Au\u00dferdem kl\u00e4ren wir Kinder und Jugendliche im Rahmen von schulischen Pr\u00e4ventionsprojekten auf und informieren auch Erwachsene \u00fcber Essst\u00f6rungen und ihren Umgang damit, um durch Pr\u00e4vention einen wichtigen Beitrag in der Bildungs- und Aufkl\u00e4rungsarbeit psychischer Erkrankungen zu leisten.<\/p>\t\t\t\t\t\t\t\t<\/div>\n\t\t\t\t<\/div>\n\t\t\t\t<div class=\"elementor-element elementor-element-f93ba86 elementor-widget elementor-widget-heading\" data-id=\"f93ba86\" data-element_type=\"widget\" data-widget_type=\"heading.default\">\n\t\t\t\t<div class=\"elementor-widget-container\">\n\t\t\t\t\t<h6 class=\"elementor-heading-title elementor-size-default\">Vielleicht sind das Themen und Fragen, die dich\/Sie auch besch\u00e4ftigen:<\/h6>\t\t\t\t<\/div>\n\t\t\t\t<\/div>\n\t\t\t\t\t<\/div>\n\t\t<\/div>\n\t\t\t\t\t<\/div>\n\t\t<\/section>\n\t\t\t\t<section class=\"elementor-section elementor-top-section elementor-element elementor-element-0fbad78 elementor-hidden-phone elementor-section-boxed elementor-section-height-default elementor-section-height-default\" data-id=\"0fbad78\" data-element_type=\"section\">\n\t\t\t\t\t\t<div class=\"elementor-container elementor-column-gap-default\">\n\t\t\t\t\t<div class=\"elementor-column elementor-col-100 elementor-top-column elementor-element elementor-element-aa6c392\" data-id=\"aa6c392\" data-element_type=\"column\">\n\t\t\t<div class=\"elementor-widget-wrap elementor-element-populated\">\n\t\t\t\t\t\t<div class=\"elementor-element elementor-element-eb12c89 elementor-tabs-view-vertical elementor-widget elementor-widget-tabs\" data-id=\"eb12c89\" data-element_type=\"widget\" id=\"zielgruppen\" data-widget_type=\"tabs.default\">\n\t\t\t\t<div class=\"elementor-widget-container\">\n\t\t\t\t\t\t\t<div class=\"elementor-tabs\">\n\t\t\t<div class=\"elementor-tabs-wrapper\" role=\"tablist\" >\n\t\t\t\t\t\t\t\t\t<div id=\"elementor-tab-title-2461\" class=\"elementor-tab-title elementor-tab-desktop-title\" aria-selected=\"true\" data-tab=\"1\" role=\"tab\" tabindex=\"0\" aria-controls=\"elementor-tab-content-2461\" aria-expanded=\"false\">Betroffene<\/div>\n\t\t\t\t\t\t\t\t\t<div id=\"elementor-tab-title-2462\" class=\"elementor-tab-title elementor-tab-desktop-title\" aria-selected=\"false\" data-tab=\"2\" role=\"tab\" tabindex=\"-1\" aria-controls=\"elementor-tab-content-2462\" aria-expanded=\"false\">Freund*innen<\/div>\n\t\t\t\t\t\t\t\t\t<div id=\"elementor-tab-title-2463\" class=\"elementor-tab-title elementor-tab-desktop-title\" aria-selected=\"false\" data-tab=\"3\" role=\"tab\" tabindex=\"-1\" aria-controls=\"elementor-tab-content-2463\" aria-expanded=\"false\">Eltern<\/div>\n\t\t\t\t\t\t\t\t\t<div id=\"elementor-tab-title-2464\" class=\"elementor-tab-title elementor-tab-desktop-title\" aria-selected=\"false\" data-tab=\"4\" role=\"tab\" tabindex=\"-1\" aria-controls=\"elementor-tab-content-2464\" aria-expanded=\"false\">Partner*innen<\/div>\n\t\t\t\t\t\t\t\t\t<div id=\"elementor-tab-title-2465\" class=\"elementor-tab-title elementor-tab-desktop-title\" aria-selected=\"false\" data-tab=\"5\" role=\"tab\" tabindex=\"-1\" aria-controls=\"elementor-tab-content-2465\" aria-expanded=\"false\">Helfende<\/div>\n\t\t\t\t\t\t\t\t\t<div id=\"elementor-tab-title-2466\" class=\"elementor-tab-title elementor-tab-desktop-title\" aria-selected=\"false\" data-tab=\"6\" role=\"tab\" tabindex=\"-1\" aria-controls=\"elementor-tab-content-2466\" aria-expanded=\"false\">Schulen<\/div>\n\t\t\t\t\t\t\t\t\t<div id=\"elementor-tab-title-2467\" class=\"elementor-tab-title elementor-tab-desktop-title\" aria-selected=\"false\" data-tab=\"7\" role=\"tab\" tabindex=\"-1\" aria-controls=\"elementor-tab-content-2467\" aria-expanded=\"false\">Interessierte<\/div>\n\t\t\t\t\t\t\t<\/div>\n\t\t\t<div class=\"elementor-tabs-content-wrapper\" role=\"tablist\" aria-orientation=\"vertical\">\n\t\t\t\t\t\t\t\t\t<div class=\"elementor-tab-title elementor-tab-mobile-title\" aria-selected=\"true\" data-tab=\"1\" role=\"tab\" tabindex=\"0\" aria-controls=\"elementor-tab-content-2461\" aria-expanded=\"false\">Betroffene<\/div>\n\t\t\t\t\t<div id=\"elementor-tab-content-2461\" class=\"elementor-tab-content elementor-clearfix\" data-tab=\"1\" role=\"tabpanel\" aria-labelledby=\"elementor-tab-title-2461\" tabindex=\"0\" hidden=\"false\"><p>Denkst du, andere m\u00f6gen dich nur, wenn du d\u00fcnn bist?<\/p><p>Kannst du manchmal nicht aufh\u00f6ren zu essen?<\/p><p>Ist Sport mittlerweile zu einem Zwang f\u00fcr dich geworden?<\/p><p>Besch\u00e4ftigst du dich den ganzen Tag nur mit Essen, deinem Aussehen, Kalorienz\u00e4hlen,\u2026?<\/p><\/div>\n\t\t\t\t\t\t\t\t\t<div class=\"elementor-tab-title elementor-tab-mobile-title\" aria-selected=\"false\" data-tab=\"2\" role=\"tab\" tabindex=\"-1\" aria-controls=\"elementor-tab-content-2462\" aria-expanded=\"false\">Freund*innen<\/div>\n\t\t\t\t\t<div id=\"elementor-tab-content-2462\" class=\"elementor-tab-content elementor-clearfix\" data-tab=\"2\" role=\"tabpanel\" aria-labelledby=\"elementor-tab-title-2462\" tabindex=\"0\" hidden=\"hidden\"><p>Zieht sich dein*e Freund*in immer mehr zur\u00fcck oder verh\u00e4lt sich pl\u00f6tzlich ganz anders?<\/p><p>Beobachtest du gro\u00dfe Gewichtsver\u00e4nderungen bei deinem*r Freund*in und machst dir deswegen Sorgen?<\/p><\/div>\n\t\t\t\t\t\t\t\t\t<div class=\"elementor-tab-title elementor-tab-mobile-title\" aria-selected=\"false\" data-tab=\"3\" role=\"tab\" tabindex=\"-1\" aria-controls=\"elementor-tab-content-2463\" aria-expanded=\"false\">Eltern<\/div>\n\t\t\t\t\t<div id=\"elementor-tab-content-2463\" class=\"elementor-tab-content elementor-clearfix\" data-tab=\"3\" role=\"tabpanel\" aria-labelledby=\"elementor-tab-title-2463\" tabindex=\"0\" hidden=\"hidden\"><p>Isst Ihr Kind \u00fcberm\u00e4\u00dfig viel oder sehr wenig?<\/p><p>Haben Sie die Vermutung, dass Ihre Tochter oder Ihr Sohn nach dem Essen erbricht?<\/p><p>L\u00e4sst Ihr Kind pl\u00f6tzlich Mahlzeiten aus?<\/p><p>Haben Sie das Gef\u00fchl, Ihr Kind zeigt Verhaltens\u00e4nderungen, \u00fcber die Sie sich sorgen?<\/p><\/div>\n\t\t\t\t\t\t\t\t\t<div class=\"elementor-tab-title elementor-tab-mobile-title\" aria-selected=\"false\" data-tab=\"4\" role=\"tab\" tabindex=\"-1\" aria-controls=\"elementor-tab-content-2464\" aria-expanded=\"false\">Partner*innen<\/div>\n\t\t\t\t\t<div id=\"elementor-tab-content-2464\" class=\"elementor-tab-content elementor-clearfix\" data-tab=\"4\" role=\"tabpanel\" aria-labelledby=\"elementor-tab-title-2464\" tabindex=\"0\" hidden=\"hidden\"><p>M\u00f6chtest du deine*n Partner*in gerne unterst\u00fctzen, wei\u00dft aber nicht, wie du auf sie*ihn zugehen sollst?<\/p><p>Hast du das Gef\u00fchl, dein*e Partner*in leidet an einer Essst\u00f6rung und ben\u00f6tigt Hilfe?<\/p><\/div>\n\t\t\t\t\t\t\t\t\t<div class=\"elementor-tab-title elementor-tab-mobile-title\" aria-selected=\"false\" data-tab=\"5\" role=\"tab\" tabindex=\"-1\" aria-controls=\"elementor-tab-content-2465\" aria-expanded=\"false\">Helfende<\/div>\n\t\t\t\t\t<div id=\"elementor-tab-content-2465\" class=\"elementor-tab-content elementor-clearfix\" data-tab=\"5\" role=\"tabpanel\" aria-labelledby=\"elementor-tab-title-2465\" tabindex=\"0\" hidden=\"hidden\"><p>Betreuen Sie eine*n Klient*in, bei welcher*m Sie eine Essst\u00f6rung vermuten?<\/p><p>Ben\u00f6tigen Sie eine fachliche Abkl\u00e4rung, ob eine Essst\u00f6rung vorliegt?<\/p><p>M\u00f6chten Sie Unterst\u00fctzung f\u00fcr den Umgang mit einer Essst\u00f6rung in Ihrer Einrichtung?<\/p><\/div>\n\t\t\t\t\t\t\t\t\t<div class=\"elementor-tab-title elementor-tab-mobile-title\" aria-selected=\"false\" data-tab=\"6\" role=\"tab\" tabindex=\"-1\" aria-controls=\"elementor-tab-content-2466\" aria-expanded=\"false\">Schulen<\/div>\n\t\t\t\t\t<div id=\"elementor-tab-content-2466\" class=\"elementor-tab-content elementor-clearfix\" data-tab=\"6\" role=\"tabpanel\" aria-labelledby=\"elementor-tab-title-2466\" tabindex=\"0\" hidden=\"hidden\"><p>Haben Sie schon l\u00e4nger den Verdacht, dass ein*e Sch\u00fcler*in Schwierigkeiten mit dem Essen hat?<\/p><p>Haben Sie Interesse an einem Pr\u00e4ventionsprojekt in Ihrer Schule?<\/p><\/div>\n\t\t\t\t\t\t\t\t\t<div class=\"elementor-tab-title elementor-tab-mobile-title\" aria-selected=\"false\" data-tab=\"7\" role=\"tab\" tabindex=\"-1\" aria-controls=\"elementor-tab-content-2467\" aria-expanded=\"false\">Interessierte<\/div>\n\t\t\t\t\t<div id=\"elementor-tab-content-2467\" class=\"elementor-tab-content elementor-clearfix\" data-tab=\"7\" role=\"tabpanel\" aria-labelledby=\"elementor-tab-title-2467\" tabindex=\"0\" hidden=\"hidden\"><p>Haben Sie Interesse an einer Fortbildung zum Thema Essst\u00f6rungen?<\/p><\/div>\n\t\t\t\t\t\t\t<\/div>\n\t\t<\/div>\n\t\t\t\t\t\t<\/div>\n\t\t\t\t<\/div>\n\t\t\t\t\t<\/div>\n\t\t<\/div>\n\t\t\t\t\t<\/div>\n\t\t<\/section>\n\t\t\t\t<section class=\"elementor-section elementor-top-section elementor-element elementor-element-aa0f47d elementor-hidden-desktop elementor-hidden-tablet elementor-section-boxed elementor-section-height-default elementor-section-height-default\" data-id=\"aa0f47d\" data-element_type=\"section\">\n\t\t\t\t\t\t<div class=\"elementor-container elementor-column-gap-default\">\n\t\t\t\t\t<div class=\"elementor-column elementor-col-100 elementor-top-column elementor-element elementor-element-8fa1e91\" data-id=\"8fa1e91\" data-element_type=\"column\">\n\t\t\t<div class=\"elementor-widget-wrap elementor-element-populated\">\n\t\t\t\t\t\t<div class=\"elementor-element elementor-element-dd376df elementor-widget elementor-widget-toggle\" data-id=\"dd376df\" data-element_type=\"widget\" data-widget_type=\"toggle.default\">\n\t\t\t\t<div class=\"elementor-widget-container\">\n\t\t\t\t\t\t\t<div class=\"elementor-toggle\">\n\t\t\t\t\t\t\t<div class=\"elementor-toggle-item\">\n\t\t\t\t\t<div id=\"elementor-tab-title-2311\" class=\"elementor-tab-title\" data-tab=\"1\" role=\"button\" aria-controls=\"elementor-tab-content-2311\" aria-expanded=\"false\">\n\t\t\t\t\t\t\t\t\t\t\t\t<span class=\"elementor-toggle-icon elementor-toggle-icon-left\" aria-hidden=\"true\">\n\t\t\t\t\t\t\t\t\t\t\t\t\t\t\t<span class=\"elementor-toggle-icon-closed\"><i class=\"fas fa-plus\"><\/i><\/span>\n\t\t\t\t\t\t\t\t<span class=\"elementor-toggle-icon-opened\"><i class=\"elementor-toggle-icon-opened fas fa-minus\"><\/i><\/span>\n\t\t\t\t\t\t\t\t\t\t\t\t\t<\/span>\n\t\t\t\t\t\t\t\t\t\t\t\t<a class=\"elementor-toggle-title\" tabindex=\"0\">BETROFFENE<\/a>\n\t\t\t\t\t<\/div>\n\n\t\t\t\t\t<div id=\"elementor-tab-content-2311\" class=\"elementor-tab-content elementor-clearfix\" data-tab=\"1\" role=\"region\" aria-labelledby=\"elementor-tab-title-2311\"><p>Denkst du, andere m\u00f6gen dich nur, wenn du d\u00fcnn bist?<\/p><p>Kannst du manchmal nicht aufh\u00f6ren zu essen?<\/p><p>Ist Sport mittlerweile zu einem Zwang f\u00fcr dich geworden?<\/p><p>Besch\u00e4ftigst du dich den ganzen Tag nur mit Essen, Aussehen, Kalorienz\u00e4hlen\u2026?<\/p><\/div>\n\t\t\t\t<\/div>\n\t\t\t\t\t\t\t<div class=\"elementor-toggle-item\">\n\t\t\t\t\t<div id=\"elementor-tab-title-2312\" class=\"elementor-tab-title\" data-tab=\"2\" role=\"button\" aria-controls=\"elementor-tab-content-2312\" aria-expanded=\"false\">\n\t\t\t\t\t\t\t\t\t\t\t\t<span class=\"elementor-toggle-icon elementor-toggle-icon-left\" aria-hidden=\"true\">\n\t\t\t\t\t\t\t\t\t\t\t\t\t\t\t<span class=\"elementor-toggle-icon-closed\"><i class=\"fas fa-plus\"><\/i><\/span>\n\t\t\t\t\t\t\t\t<span class=\"elementor-toggle-icon-opened\"><i class=\"elementor-toggle-icon-opened fas fa-minus\"><\/i><\/span>\n\t\t\t\t\t\t\t\t\t\t\t\t\t<\/span>\n\t\t\t\t\t\t\t\t\t\t\t\t<a class=\"elementor-toggle-title\" tabindex=\"0\">FREUND*INNEN<\/a>\n\t\t\t\t\t<\/div>\n\n\t\t\t\t\t<div id=\"elementor-tab-content-2312\" class=\"elementor-tab-content elementor-clearfix\" data-tab=\"2\" role=\"region\" aria-labelledby=\"elementor-tab-title-2312\"><p>Zieht sich dein*e Freund*in immer mehr zur\u00fcck oder verh\u00e4lt sich pl\u00f6tzlich ganz anders?<\/p><p>Beobachtest du gro\u00dfe Gewichtsver\u00e4nderungen bei deinem\/ deiner Freund*in und machst dir deswegen Sorgen?<\/p><\/div>\n\t\t\t\t<\/div>\n\t\t\t\t\t\t\t<div class=\"elementor-toggle-item\">\n\t\t\t\t\t<div id=\"elementor-tab-title-2313\" class=\"elementor-tab-title\" data-tab=\"3\" role=\"button\" aria-controls=\"elementor-tab-content-2313\" aria-expanded=\"false\">\n\t\t\t\t\t\t\t\t\t\t\t\t<span class=\"elementor-toggle-icon elementor-toggle-icon-left\" aria-hidden=\"true\">\n\t\t\t\t\t\t\t\t\t\t\t\t\t\t\t<span class=\"elementor-toggle-icon-closed\"><i class=\"fas fa-plus\"><\/i><\/span>\n\t\t\t\t\t\t\t\t<span class=\"elementor-toggle-icon-opened\"><i class=\"elementor-toggle-icon-opened fas fa-minus\"><\/i><\/span>\n\t\t\t\t\t\t\t\t\t\t\t\t\t<\/span>\n\t\t\t\t\t\t\t\t\t\t\t\t<a class=\"elementor-toggle-title\" tabindex=\"0\">ELTERN<\/a>\n\t\t\t\t\t<\/div>\n\n\t\t\t\t\t<div id=\"elementor-tab-content-2313\" class=\"elementor-tab-content elementor-clearfix\" data-tab=\"3\" role=\"region\" aria-labelledby=\"elementor-tab-title-2313\"><p>Isst Ihr Kind \u00fcberm\u00e4\u00dfig viel?<\/p><p>Haben Sie die Vermutung, dass Ihre Tochter\/ Ihr Sohn nach dem Essen erbricht?<\/p><p>L\u00e4sst Ihr Kind pl\u00f6tzlich Mahlzeiten aus?<\/p><p>Haben Sie das Gef\u00fchl, Ihr Kind zeigt Verhaltens\u00e4nderungen, \u00fcber die Sie sich sorgen?<\/p><\/div>\n\t\t\t\t<\/div>\n\t\t\t\t\t\t\t<div class=\"elementor-toggle-item\">\n\t\t\t\t\t<div id=\"elementor-tab-title-2314\" class=\"elementor-tab-title\" data-tab=\"4\" role=\"button\" aria-controls=\"elementor-tab-content-2314\" aria-expanded=\"false\">\n\t\t\t\t\t\t\t\t\t\t\t\t<span class=\"elementor-toggle-icon elementor-toggle-icon-left\" aria-hidden=\"true\">\n\t\t\t\t\t\t\t\t\t\t\t\t\t\t\t<span class=\"elementor-toggle-icon-closed\"><i class=\"fas fa-plus\"><\/i><\/span>\n\t\t\t\t\t\t\t\t<span class=\"elementor-toggle-icon-opened\"><i class=\"elementor-toggle-icon-opened fas fa-minus\"><\/i><\/span>\n\t\t\t\t\t\t\t\t\t\t\t\t\t<\/span>\n\t\t\t\t\t\t\t\t\t\t\t\t<a class=\"elementor-toggle-title\" tabindex=\"0\">PARTNER*INNEN<\/a>\n\t\t\t\t\t<\/div>\n\n\t\t\t\t\t<div id=\"elementor-tab-content-2314\" class=\"elementor-tab-content elementor-clearfix\" data-tab=\"4\" role=\"region\" aria-labelledby=\"elementor-tab-title-2314\"><p>M\u00f6chtest du deine*n Partner*in gerne unterst\u00fctzen, wei\u00dft aber nicht, wie du auf sie\/ ihn zugehen sollst?<\/p><p>Hast du das Gef\u00fchl, dein*e Partner*in leidet an einer Essst\u00f6rung und ben\u00f6tigt Hilfe?<\/p><\/div>\n\t\t\t\t<\/div>\n\t\t\t\t\t\t\t<div class=\"elementor-toggle-item\">\n\t\t\t\t\t<div id=\"elementor-tab-title-2315\" class=\"elementor-tab-title\" data-tab=\"5\" role=\"button\" aria-controls=\"elementor-tab-content-2315\" aria-expanded=\"false\">\n\t\t\t\t\t\t\t\t\t\t\t\t<span class=\"elementor-toggle-icon elementor-toggle-icon-left\" aria-hidden=\"true\">\n\t\t\t\t\t\t\t\t\t\t\t\t\t\t\t<span class=\"elementor-toggle-icon-closed\"><i class=\"fas fa-plus\"><\/i><\/span>\n\t\t\t\t\t\t\t\t<span class=\"elementor-toggle-icon-opened\"><i class=\"elementor-toggle-icon-opened fas fa-minus\"><\/i><\/span>\n\t\t\t\t\t\t\t\t\t\t\t\t\t<\/span>\n\t\t\t\t\t\t\t\t\t\t\t\t<a class=\"elementor-toggle-title\" tabindex=\"0\">HELFENDE<\/a>\n\t\t\t\t\t<\/div>\n\n\t\t\t\t\t<div id=\"elementor-tab-content-2315\" class=\"elementor-tab-content elementor-clearfix\" data-tab=\"5\" role=\"region\" aria-labelledby=\"elementor-tab-title-2315\"><p>Betreuen Sie eine*n Klient*in, bei welcher*m Sie eine Essst\u00f6rung vermuten?<\/p><p>Ben\u00f6tigen Sie eine fachliche Abkl\u00e4rung, ob eine Essst\u00f6rung vorliegt?<\/p><\/div>\n\t\t\t\t<\/div>\n\t\t\t\t\t\t\t<div class=\"elementor-toggle-item\">\n\t\t\t\t\t<div id=\"elementor-tab-title-2316\" class=\"elementor-tab-title\" data-tab=\"6\" role=\"button\" aria-controls=\"elementor-tab-content-2316\" aria-expanded=\"false\">\n\t\t\t\t\t\t\t\t\t\t\t\t<span class=\"elementor-toggle-icon elementor-toggle-icon-left\" aria-hidden=\"true\">\n\t\t\t\t\t\t\t\t\t\t\t\t\t\t\t<span class=\"elementor-toggle-icon-closed\"><i class=\"fas fa-plus\"><\/i><\/span>\n\t\t\t\t\t\t\t\t<span class=\"elementor-toggle-icon-opened\"><i class=\"elementor-toggle-icon-opened fas fa-minus\"><\/i><\/span>\n\t\t\t\t\t\t\t\t\t\t\t\t\t<\/span>\n\t\t\t\t\t\t\t\t\t\t\t\t<a class=\"elementor-toggle-title\" tabindex=\"0\">SCHULEN<\/a>\n\t\t\t\t\t<\/div>\n\n\t\t\t\t\t<div id=\"elementor-tab-content-2316\" class=\"elementor-tab-content elementor-clearfix\" data-tab=\"6\" role=\"region\" aria-labelledby=\"elementor-tab-title-2316\"><p>Haben Sie schon l\u00e4nger den Verdacht, dass ein*e Sch\u00fcler*in Schwierigkeiten mit dem Essen hat?<\/p><p>Haben Sie Interesse an einem Pr\u00e4ventionsprojekt in Ihrer Schule?<\/p><\/div>\n\t\t\t\t<\/div>\n\t\t\t\t\t\t\t<div class=\"elementor-toggle-item\">\n\t\t\t\t\t<div id=\"elementor-tab-title-2317\" class=\"elementor-tab-title\" data-tab=\"7\" role=\"button\" aria-controls=\"elementor-tab-content-2317\" aria-expanded=\"false\">\n\t\t\t\t\t\t\t\t\t\t\t\t<span class=\"elementor-toggle-icon elementor-toggle-icon-left\" aria-hidden=\"true\">\n\t\t\t\t\t\t\t\t\t\t\t\t\t\t\t<span class=\"elementor-toggle-icon-closed\"><i class=\"fas fa-plus\"><\/i><\/span>\n\t\t\t\t\t\t\t\t<span class=\"elementor-toggle-icon-opened\"><i class=\"elementor-toggle-icon-opened fas fa-minus\"><\/i><\/span>\n\t\t\t\t\t\t\t\t\t\t\t\t\t<\/span>\n\t\t\t\t\t\t\t\t\t\t\t\t<a class=\"elementor-toggle-title\" tabindex=\"0\">INTERESSIERTE<\/a>\n\t\t\t\t\t<\/div>\n\n\t\t\t\t\t<div id=\"elementor-tab-content-2317\" class=\"elementor-tab-content elementor-clearfix\" data-tab=\"7\" role=\"region\" aria-labelledby=\"elementor-tab-title-2317\"><p>Haben Sie Interesse an einer Fortbildung zum Thema Essst\u00f6rungen?<\/p><\/div>\n\t\t\t\t<\/div>\n\t\t\t\t\t\t\t\t<\/div>\n\t\t\t\t\t\t<\/div>\n\t\t\t\t<\/div>\n\t\t\t\t\t<\/div>\n\t\t<\/div>\n\t\t\t\t\t<\/div>\n\t\t<\/section>\n\t\t\t\t<\/div>\n\t\t","protected":false},"excerpt":{"rendered":"<p>Unsere Zielgruppen Home\u00a0 \u00a0&gt;\u00a0 \u00a0\u00dcber Uns\u00a0 \u00a0&gt;\u00a0 \u00a0Unsere Zielgruppen An wen richtet sich Kabera? Als Einrichtung zur ambulanten Beratung und Pr\u00e4vention bei [&hellip;]<\/p>\n","protected":false},"author":1,"featured_media":0,"parent":41,"menu_order":0,"comment_status":"closed","ping_status":"closed","template":"elementor_header_footer","meta":{"footnotes":""},"class_list":["post-43","page","type-page","status-publish","hentry"],"_links":{"self":[{"href":"https:\/\/staging.kabera.de\/index.php\/wp-json\/wp\/v2\/pages\/43","targetHints":{"allow":["GET"]}}],"collection":[{"href":"https:\/\/staging.kabera.de\/index.php\/wp-json\/wp\/v2\/pages"}],"about":[{"href":"https:\/\/staging.kabera.de\/index.php\/wp-json\/wp\/v2\/types\/page"}],"author":[{"embeddable":true,"href":"https:\/\/staging.kabera.de\/index.php\/wp-json\/wp\/v2\/users\/1"}],"replies":[{"embeddable":true,"href":"https:\/\/staging.kabera.de\/index.php\/wp-json\/wp\/v2\/comments?post=43"}],"version-history":[{"count":151,"href":"https:\/\/staging.kabera.de\/index.php\/wp-json\/wp\/v2\/pages\/43\/revisions"}],"predecessor-version":[{"id":3157,"href":"https:\/\/staging.kabera.de\/index.php\/wp-json\/wp\/v2\/pages\/43\/revisions\/3157"}],"up":[{"embeddable":true,"href":"https:\/\/staging.kabera.de\/index.php\/wp-json\/wp\/v2\/pages\/41"}],"wp:attachment":[{"href":"https:\/\/staging.kabera.de\/index.php\/wp-json\/wp\/v2\/media?parent=43"}],"curies":[{"name":"wp","href":"https:\/\/api.w.org\/{rel}","templated":true}]}}