{"id":1380,"date":"2020-12-18T16:42:11","date_gmt":"2020-12-18T16:42:11","guid":{"rendered":"https:\/\/kabera.de\/?page_id=1380"},"modified":"2021-03-08T17:04:13","modified_gmt":"2021-03-08T17:04:13","slug":"adipositas","status":"publish","type":"page","link":"https:\/\/staging.kabera.de\/index.php\/informationen\/adipositas\/","title":{"rendered":"Adipositas"},"content":{"rendered":"\t\t<div data-elementor-type=\"wp-page\" data-elementor-id=\"1380\" class=\"elementor elementor-1380\">\n\t\t\t\t\t\t<section class=\"elementor-section elementor-top-section elementor-element elementor-element-480f092b elementor-section-stretched breadcrumbs elementor-section-boxed elementor-section-height-default elementor-section-height-default\" data-id=\"480f092b\" data-element_type=\"section\" data-settings=\"{&quot;stretch_section&quot;:&quot;section-stretched&quot;,&quot;background_background&quot;:&quot;classic&quot;}\">\n\t\t\t\t\t\t<div class=\"elementor-container elementor-column-gap-default\">\n\t\t\t\t\t<div class=\"elementor-column elementor-col-50 elementor-top-column elementor-element elementor-element-3fd21a4\" data-id=\"3fd21a4\" data-element_type=\"column\">\n\t\t\t<div class=\"elementor-widget-wrap elementor-element-populated\">\n\t\t\t\t\t\t<div class=\"elementor-element elementor-element-75c902f8 elementor-widget elementor-widget-heading\" data-id=\"75c902f8\" data-element_type=\"widget\" data-widget_type=\"heading.default\">\n\t\t\t\t<div class=\"elementor-widget-container\">\n\t\t\t\t\t<h3 class=\"elementor-heading-title elementor-size-default\">Adipositas<\/h3>\t\t\t\t<\/div>\n\t\t\t\t<\/div>\n\t\t\t\t\t<\/div>\n\t\t<\/div>\n\t\t\t\t<div class=\"elementor-column elementor-col-50 elementor-top-column elementor-element elementor-element-380ef0d8\" data-id=\"380ef0d8\" data-element_type=\"column\">\n\t\t\t<div class=\"elementor-widget-wrap elementor-element-populated\">\n\t\t\t\t\t\t<div class=\"elementor-element elementor-element-4e538571 nomargin breadcrumb elementor-widget elementor-widget-text-editor\" data-id=\"4e538571\" data-element_type=\"widget\" data-widget_type=\"text-editor.default\">\n\t\t\t\t<div class=\"elementor-widget-container\">\n\t\t\t\t\t\t\t\t\t<p><a href=\"https:\/\/staging.kabera.de\/\">Home<\/a>\u00a0 \u00a0&gt;\u00a0 \u00a0<a href=\"https:\/\/staging.kabera.de\/index.php\/informationen\/\">Informationen<\/a>\u00a0 \u00a0&gt;\u00a0 \u00a0<a href=\"https:\/\/staging.kabera.de\/index.php\/informationen\/adipositas\/\">Adipositas<\/a><\/p>\t\t\t\t\t\t\t\t<\/div>\n\t\t\t\t<\/div>\n\t\t\t\t\t<\/div>\n\t\t<\/div>\n\t\t\t\t\t<\/div>\n\t\t<\/section>\n\t\t\t\t<section class=\"elementor-section elementor-top-section elementor-element elementor-element-29a02b3 elementor-section-stretched elementor-section-boxed elementor-section-height-default elementor-section-height-default\" data-id=\"29a02b3\" data-element_type=\"section\" data-settings=\"{&quot;stretch_section&quot;:&quot;section-stretched&quot;}\">\n\t\t\t\t\t\t<div class=\"elementor-container elementor-column-gap-default\">\n\t\t\t\t\t<div class=\"elementor-column elementor-col-100 elementor-top-column elementor-element elementor-element-659b14d desktop_extrapadd\" data-id=\"659b14d\" data-element_type=\"column\">\n\t\t\t<div class=\"elementor-widget-wrap elementor-element-populated\">\n\t\t\t\t\t\t<div class=\"elementor-element elementor-element-0773d09 elementor-widget elementor-widget-heading\" data-id=\"0773d09\" data-element_type=\"widget\" data-widget_type=\"heading.default\">\n\t\t\t\t<div class=\"elementor-widget-container\">\n\t\t\t\t\t<h4 class=\"elementor-heading-title elementor-size-default\">Informationen zum Thema Adipositas<\/h4>\t\t\t\t<\/div>\n\t\t\t\t<\/div>\n\t\t\t\t<div class=\"elementor-element elementor-element-3422063 elementor-widget elementor-widget-text-editor\" data-id=\"3422063\" data-element_type=\"widget\" data-widget_type=\"text-editor.default\">\n\t\t\t\t<div class=\"elementor-widget-container\">\n\t\t\t\t\t\t\t\t\t<p>Diese Informationen bieten kein vollst\u00e4ndiges Abbild der unterschiedlichen, individuellen Auspr\u00e4gungen von Essst\u00f6rungen. Falls nur Teile der unten genannten Informationen auf Sie zutreffen oder Sie einfach das Gef\u00fchl haben eine Beratung k\u00f6nnte f\u00fcr Sie hilfreich sein, k\u00f6nnen Sie uns jederzeit kontaktieren.<\/p>\t\t\t\t\t\t\t\t<\/div>\n\t\t\t\t<\/div>\n\t\t\t\t\t<\/div>\n\t\t<\/div>\n\t\t\t\t\t<\/div>\n\t\t<\/section>\n\t\t\t\t<section class=\"elementor-section elementor-top-section elementor-element elementor-element-8cc03e1 elementor-section-boxed elementor-section-height-default elementor-section-height-default\" data-id=\"8cc03e1\" data-element_type=\"section\">\n\t\t\t\t\t\t<div class=\"elementor-container elementor-column-gap-default\">\n\t\t\t\t\t<div class=\"elementor-column elementor-col-100 elementor-top-column elementor-element elementor-element-a10d00e\" data-id=\"a10d00e\" data-element_type=\"column\">\n\t\t\t<div class=\"elementor-widget-wrap elementor-element-populated\">\n\t\t\t\t\t\t<div class=\"elementor-element elementor-element-3d83f28 elementor-widget elementor-widget-toggle\" data-id=\"3d83f28\" data-element_type=\"widget\" data-widget_type=\"toggle.default\">\n\t\t\t\t<div class=\"elementor-widget-container\">\n\t\t\t\t\t\t\t<div class=\"elementor-toggle\">\n\t\t\t\t\t\t\t<div class=\"elementor-toggle-item\">\n\t\t\t\t\t<div id=\"elementor-tab-title-6451\" class=\"elementor-tab-title\" data-tab=\"1\" role=\"button\" aria-controls=\"elementor-tab-content-6451\" aria-expanded=\"false\">\n\t\t\t\t\t\t\t\t\t\t\t\t<span class=\"elementor-toggle-icon elementor-toggle-icon-left\" aria-hidden=\"true\">\n\t\t\t\t\t\t\t\t\t\t\t\t\t\t\t<span class=\"elementor-toggle-icon-closed\"><i class=\"fas fa-plus\"><\/i><\/span>\n\t\t\t\t\t\t\t\t<span class=\"elementor-toggle-icon-opened\"><i class=\"elementor-toggle-icon-opened fas fa-minus\"><\/i><\/span>\n\t\t\t\t\t\t\t\t\t\t\t\t\t<\/span>\n\t\t\t\t\t\t\t\t\t\t\t\t<a class=\"elementor-toggle-title\" tabindex=\"0\">Informationen rund um Adipositas<\/a>\n\t\t\t\t\t<\/div>\n\n\t\t\t\t\t<div id=\"elementor-tab-content-6451\" class=\"elementor-tab-content elementor-clearfix\" data-tab=\"1\" role=\"region\" aria-labelledby=\"elementor-tab-title-6451\"><p><strong>Typische Anzeichen: <\/strong><\/p><p>Eine Person ist adip\u00f6s, wenn sich das K\u00f6rperfett \u00fcberm\u00e4\u00dfig stark vermehrt. Erwachsene sind adip\u00f6s, wenn sie einen BMI (Body-Ma\u00df-Index) \u00fcber 30 kg\/m<sup>2<\/sup> haben. Kinder und Jugendliche leiden unter Adipositas, wenn der BMI bei 25 kg\/m<sup>2<\/sup> liegt.<\/p><p>\u00a0<\/p><p><strong>Ursachen:<\/strong><\/p><p>Adipositas ist eine Erkrankung mit vielen unterschiedlichen Ursachen. Ern\u00e4hrung oder Stress k\u00f6nnen zu Adipositas f\u00fchren.<\/p><p>Der K\u00f6rper bekommt zu viel Energie von Lebensmitteln und verbraucht zu wenig in Form von Bewegung. Dadurch entsteht ein \u00dcberschuss, der als Fett in den Fettzellen gespeichert wird. Die Gene spielen ebenso eine Rolle wie psychologische Faktoren und die (soziale) Umwelt, in der wir leben.<\/p><p>\u00a0<\/p><p><strong>Folgen: <\/strong><\/p><p>Adipositas stellt ein ernst zunehmendes Erkrankungsrisiko dar, auch wenn akut noch keine Folgeerkrankungen vorliegen. Symptome der Adipositas k\u00f6nnen sein: Besch\u00e4digte Organe (z. B. Herz, Lunge, Leber oder Niere), eingeschr\u00e4nkte Beweglichkeit, Kurzatmigkeit, nachlassende Denkleistung, Schlafprobleme, schlechte Wundheilung, schmerzende Gelenke und schnelle Erm\u00fcdungserscheinungen.<\/p><p>\u00a0<\/p><p>Adipositas geht h\u00e4ufig mit einem problematischen Essverhalten einher. Damit verbunden sind auch andere psychisch belastende Themen. Gerne m\u00f6chten wir Ihnen eine erste Anlaufstelle f\u00fcr Ihr Anliegen bieten. Wir erarbeiten gemeinsam mit Ihnen, was der n\u00e4chste Schritt sein kann.<\/p><\/div>\n\t\t\t\t<\/div>\n\t\t\t\t\t\t\t\t<\/div>\n\t\t\t\t\t\t<\/div>\n\t\t\t\t<\/div>\n\t\t\t\t\t<\/div>\n\t\t<\/div>\n\t\t\t\t\t<\/div>\n\t\t<\/section>\n\t\t\t\t<\/div>\n\t\t","protected":false},"excerpt":{"rendered":"<p>Adipositas Home\u00a0 \u00a0&gt;\u00a0 \u00a0Informationen\u00a0 \u00a0&gt;\u00a0 \u00a0Adipositas Informationen zum Thema Adipositas Diese Informationen bieten kein vollst\u00e4ndiges Abbild der unterschiedlichen, individuellen Auspr\u00e4gungen von Essst\u00f6rungen. [&hellip;]<\/p>\n","protected":false},"author":1,"featured_media":0,"parent":45,"menu_order":0,"comment_status":"closed","ping_status":"closed","template":"elementor_header_footer","meta":{"footnotes":""},"class_list":["post-1380","page","type-page","status-publish","hentry"],"_links":{"self":[{"href":"https:\/\/staging.kabera.de\/index.php\/wp-json\/wp\/v2\/pages\/1380","targetHints":{"allow":["GET"]}}],"collection":[{"href":"https:\/\/staging.kabera.de\/index.php\/wp-json\/wp\/v2\/pages"}],"about":[{"href":"https:\/\/staging.kabera.de\/index.php\/wp-json\/wp\/v2\/types\/page"}],"author":[{"embeddable":true,"href":"https:\/\/staging.kabera.de\/index.php\/wp-json\/wp\/v2\/users\/1"}],"replies":[{"embeddable":true,"href":"https:\/\/staging.kabera.de\/index.php\/wp-json\/wp\/v2\/comments?post=1380"}],"version-history":[{"count":26,"href":"https:\/\/staging.kabera.de\/index.php\/wp-json\/wp\/v2\/pages\/1380\/revisions"}],"predecessor-version":[{"id":3300,"href":"https:\/\/staging.kabera.de\/index.php\/wp-json\/wp\/v2\/pages\/1380\/revisions\/3300"}],"up":[{"embeddable":true,"href":"https:\/\/staging.kabera.de\/index.php\/wp-json\/wp\/v2\/pages\/45"}],"wp:attachment":[{"href":"https:\/\/staging.kabera.de\/index.php\/wp-json\/wp\/v2\/media?parent=1380"}],"curies":[{"name":"wp","href":"https:\/\/api.w.org\/{rel}","templated":true}]}}