{"id":1378,"date":"2020-12-18T16:36:01","date_gmt":"2020-12-18T16:36:01","guid":{"rendered":"https:\/\/kabera.de\/?page_id=1378"},"modified":"2021-03-08T17:05:54","modified_gmt":"2021-03-08T17:05:54","slug":"bulimie","status":"publish","type":"page","link":"https:\/\/staging.kabera.de\/index.php\/informationen\/bulimie\/","title":{"rendered":"Bulimie"},"content":{"rendered":"\t\t<div data-elementor-type=\"wp-page\" data-elementor-id=\"1378\" class=\"elementor elementor-1378\">\n\t\t\t\t\t\t<section class=\"elementor-section elementor-top-section elementor-element elementor-element-480f092b elementor-section-stretched breadcrumbs elementor-section-boxed elementor-section-height-default elementor-section-height-default\" data-id=\"480f092b\" data-element_type=\"section\" data-settings=\"{&quot;stretch_section&quot;:&quot;section-stretched&quot;,&quot;background_background&quot;:&quot;classic&quot;}\">\n\t\t\t\t\t\t<div class=\"elementor-container elementor-column-gap-default\">\n\t\t\t\t\t<div class=\"elementor-column elementor-col-50 elementor-top-column elementor-element elementor-element-3fd21a4\" data-id=\"3fd21a4\" data-element_type=\"column\">\n\t\t\t<div class=\"elementor-widget-wrap elementor-element-populated\">\n\t\t\t\t\t\t<div class=\"elementor-element elementor-element-75c902f8 elementor-widget elementor-widget-heading\" data-id=\"75c902f8\" data-element_type=\"widget\" data-widget_type=\"heading.default\">\n\t\t\t\t<div class=\"elementor-widget-container\">\n\t\t\t\t\t<h3 class=\"elementor-heading-title elementor-size-default\">Bulimie<\/h3>\t\t\t\t<\/div>\n\t\t\t\t<\/div>\n\t\t\t\t\t<\/div>\n\t\t<\/div>\n\t\t\t\t<div class=\"elementor-column elementor-col-50 elementor-top-column elementor-element elementor-element-380ef0d8\" data-id=\"380ef0d8\" data-element_type=\"column\">\n\t\t\t<div class=\"elementor-widget-wrap elementor-element-populated\">\n\t\t\t\t\t\t<div class=\"elementor-element elementor-element-4e538571 nomargin breadcrumb elementor-widget elementor-widget-text-editor\" data-id=\"4e538571\" data-element_type=\"widget\" data-widget_type=\"text-editor.default\">\n\t\t\t\t<div class=\"elementor-widget-container\">\n\t\t\t\t\t\t\t\t\t<p><a href=\"https:\/\/staging.kabera.de\/\">Home<\/a>\u00a0 \u00a0&gt;\u00a0 \u00a0<a href=\"https:\/\/staging.kabera.de\/index.php\/informationen\/\">Informationen<\/a>\u00a0 \u00a0&gt;\u00a0 \u00a0<a href=\"https:\/\/staging.kabera.de\/index.php\/informationen\/bulimie\/\">Bulimie<\/a><\/p>\t\t\t\t\t\t\t\t<\/div>\n\t\t\t\t<\/div>\n\t\t\t\t\t<\/div>\n\t\t<\/div>\n\t\t\t\t\t<\/div>\n\t\t<\/section>\n\t\t\t\t<section class=\"elementor-section elementor-top-section elementor-element elementor-element-29a02b3 elementor-section-stretched elementor-section-boxed elementor-section-height-default elementor-section-height-default\" data-id=\"29a02b3\" data-element_type=\"section\" data-settings=\"{&quot;stretch_section&quot;:&quot;section-stretched&quot;}\">\n\t\t\t\t\t\t<div class=\"elementor-container elementor-column-gap-default\">\n\t\t\t\t\t<div class=\"elementor-column elementor-col-100 elementor-top-column elementor-element elementor-element-659b14d desktop_extrapadd\" data-id=\"659b14d\" data-element_type=\"column\">\n\t\t\t<div class=\"elementor-widget-wrap elementor-element-populated\">\n\t\t\t\t\t\t<div class=\"elementor-element elementor-element-0773d09 elementor-widget elementor-widget-heading\" data-id=\"0773d09\" data-element_type=\"widget\" data-widget_type=\"heading.default\">\n\t\t\t\t<div class=\"elementor-widget-container\">\n\t\t\t\t\t<h4 class=\"elementor-heading-title elementor-size-default\">Informationen zum Thema Bulimie<\/h4>\t\t\t\t<\/div>\n\t\t\t\t<\/div>\n\t\t\t\t<div class=\"elementor-element elementor-element-3422063 elementor-widget elementor-widget-text-editor\" data-id=\"3422063\" data-element_type=\"widget\" data-widget_type=\"text-editor.default\">\n\t\t\t\t<div class=\"elementor-widget-container\">\n\t\t\t\t\t\t\t\t\t<p>Diese Informationen bieten kein vollst\u00e4ndiges Abbild der unterschiedlichen, individuellen Auspr\u00e4gungen von Essst\u00f6rungen. Falls nur Teile der unten genannten Informationen auf Sie zutreffen oder Sie einfach das Gef\u00fchl haben eine Beratung k\u00f6nnte f\u00fcr Sie hilfreich sein, k\u00f6nnen Sie uns jederzeit kontaktieren.<\/p>\t\t\t\t\t\t\t\t<\/div>\n\t\t\t\t<\/div>\n\t\t\t\t\t<\/div>\n\t\t<\/div>\n\t\t\t\t\t<\/div>\n\t\t<\/section>\n\t\t\t\t<section class=\"elementor-section elementor-top-section elementor-element elementor-element-8cc03e1 elementor-section-boxed elementor-section-height-default elementor-section-height-default\" data-id=\"8cc03e1\" data-element_type=\"section\">\n\t\t\t\t\t\t<div class=\"elementor-container elementor-column-gap-default\">\n\t\t\t\t\t<div class=\"elementor-column elementor-col-100 elementor-top-column elementor-element elementor-element-a10d00e\" data-id=\"a10d00e\" data-element_type=\"column\">\n\t\t\t<div class=\"elementor-widget-wrap elementor-element-populated\">\n\t\t\t\t\t\t<div class=\"elementor-element elementor-element-3d83f28 elementor-widget elementor-widget-toggle\" data-id=\"3d83f28\" data-element_type=\"widget\" data-widget_type=\"toggle.default\">\n\t\t\t\t<div class=\"elementor-widget-container\">\n\t\t\t\t\t\t\t<div class=\"elementor-toggle\">\n\t\t\t\t\t\t\t<div class=\"elementor-toggle-item\">\n\t\t\t\t\t<div id=\"elementor-tab-title-6451\" class=\"elementor-tab-title\" data-tab=\"1\" role=\"button\" aria-controls=\"elementor-tab-content-6451\" aria-expanded=\"false\">\n\t\t\t\t\t\t\t\t\t\t\t\t<span class=\"elementor-toggle-icon elementor-toggle-icon-left\" aria-hidden=\"true\">\n\t\t\t\t\t\t\t\t\t\t\t\t\t\t\t<span class=\"elementor-toggle-icon-closed\"><i class=\"fas fa-plus\"><\/i><\/span>\n\t\t\t\t\t\t\t\t<span class=\"elementor-toggle-icon-opened\"><i class=\"elementor-toggle-icon-opened fas fa-minus\"><\/i><\/span>\n\t\t\t\t\t\t\t\t\t\t\t\t\t<\/span>\n\t\t\t\t\t\t\t\t\t\t\t\t<a class=\"elementor-toggle-title\" tabindex=\"0\">Informationen rund um Bulimie<\/a>\n\t\t\t\t\t<\/div>\n\n\t\t\t\t\t<div id=\"elementor-tab-content-6451\" class=\"elementor-tab-content elementor-clearfix\" data-tab=\"1\" role=\"region\" aria-labelledby=\"elementor-tab-title-6451\"><p><strong>Typische Anzeichen: <\/strong><\/p><p>Menschen mit Bulimia nervosa (h\u00e4ufig betroffen sind Frauen und M\u00e4dchen) leiden unter wiederkehrenden Essanf\u00e4llen mit dem daf\u00fcr typischen Gef\u00fchl von Kontrollverlust. H\u00e4ufig werden nach einem Essanfall Ma\u00dfnahmen zur Gegenregulation wie Erbrechen, Abf\u00fchrmittel, exzessiver Sport oder Fasten, eingesetzt.<\/p><p>Menschen, die unter diesen Symptomen leiden, ist dies oft von au\u00dfen nicht anzumerken. Viele der Betroffenen verhalten sich \u00fcberaus gesundheitsbewusst, die Ern\u00e4hrung ist penibel gesund und h\u00e4ufig verwehrend gegen\u00fcber vermeintlich ungesunden Lebensmitteln.<\/p><p>Menschen mit Bulimie leiden unter den Essattacken sehr und stehen enorm unter Druck. Scham und Ekel dem eigenen Selbst gegen\u00fcber sind keine seltenen psychischen Folgen.<\/p><p><strong>\u00a0<\/strong><\/p><p><strong>Ursachen:<\/strong><\/p><p>Ursachen f\u00fcr die Krankheit sind ebenso wenig vollst\u00e4ndig aufzukl\u00e4ren wie bei allen anderen Essst\u00f6rungen. Erlebnisse und Erfahrungen des Lebens, die \u00e4u\u00dfere Umwelt, das gesellschaftliche Sch\u00f6nheitsideal, der Perfektionismus der heutigen Leistungsgesellschaft sowie individuelle Faktoren oder Pers\u00f6nlichkeitsfaktoren k\u00f6nnen dazu f\u00fchren, dass der K\u00f6rper verzerrt wahrgenommen wird und diese Verzerrung das Verhalten beim Thema Essen steuert.<\/p><p>\u00dcberforderung und Selbstunsicherheiten sind h\u00e4ufige Ausl\u00f6ser.<\/p><p>\u00a0<\/p><p><strong>Folgen:<\/strong><\/p><p>Die gesundheitlichen Folgen f\u00fcr den K\u00f6rper sind gravierend: Mineralverlust und Muskelkr\u00e4mpfe sind h\u00e4ufig nur die Anf\u00e4nge. Es kann zu Herzrhythmusst\u00f6rungen, Kreislaufst\u00f6rungen, Entz\u00fcndungen der Bauchspeicheldr\u00fcse f\u00fchren sowie zu teilweise schlimmen Ver\u00e4tzungen des Rachens und der Speiser\u00f6hre, verbunden mit starken anhaltenden Schmerzzust\u00e4nden, Zahnsch\u00e4den und Nierensch\u00e4digungen. Im Extremfall f\u00fchrt die lange Aufrechterhaltung der Symptomatik zum pl\u00f6tzlichen Herztod.<\/p><p>\u00a0<\/p><p>Wir beraten und kl\u00e4ren auf \u00fcber die eigene Situation und den Teufelskreise, in dem sich Betroffene h\u00e4ufig befinden oder wenn Sie sich Sorgen um Angeh\u00f6rige und Freunde machen. Es ist wichtig, den eigenen Zustand zu erkennen und den Kampf gegen sich selbst nicht weiter zu f\u00fchren, sondern f\u00fcr sich selbst einen Schritt Richtung Gesundheit zu beginnen. Wir erarbeiten gemeinsam, was Ihnen auf Ihrem Weg helfen kann. <\/p><\/div>\n\t\t\t\t<\/div>\n\t\t\t\t\t\t\t\t<\/div>\n\t\t\t\t\t\t<\/div>\n\t\t\t\t<\/div>\n\t\t\t\t\t<\/div>\n\t\t<\/div>\n\t\t\t\t\t<\/div>\n\t\t<\/section>\n\t\t\t\t<\/div>\n\t\t","protected":false},"excerpt":{"rendered":"<p>Bulimie Home\u00a0 \u00a0&gt;\u00a0 \u00a0Informationen\u00a0 \u00a0&gt;\u00a0 \u00a0Bulimie Informationen zum Thema Bulimie Diese Informationen bieten kein vollst\u00e4ndiges Abbild der unterschiedlichen, individuellen Auspr\u00e4gungen von Essst\u00f6rungen. [&hellip;]<\/p>\n","protected":false},"author":1,"featured_media":0,"parent":45,"menu_order":0,"comment_status":"closed","ping_status":"closed","template":"elementor_header_footer","meta":{"footnotes":""},"class_list":["post-1378","page","type-page","status-publish","hentry"],"_links":{"self":[{"href":"https:\/\/staging.kabera.de\/index.php\/wp-json\/wp\/v2\/pages\/1378","targetHints":{"allow":["GET"]}}],"collection":[{"href":"https:\/\/staging.kabera.de\/index.php\/wp-json\/wp\/v2\/pages"}],"about":[{"href":"https:\/\/staging.kabera.de\/index.php\/wp-json\/wp\/v2\/types\/page"}],"author":[{"embeddable":true,"href":"https:\/\/staging.kabera.de\/index.php\/wp-json\/wp\/v2\/users\/1"}],"replies":[{"embeddable":true,"href":"https:\/\/staging.kabera.de\/index.php\/wp-json\/wp\/v2\/comments?post=1378"}],"version-history":[{"count":28,"href":"https:\/\/staging.kabera.de\/index.php\/wp-json\/wp\/v2\/pages\/1378\/revisions"}],"predecessor-version":[{"id":3303,"href":"https:\/\/staging.kabera.de\/index.php\/wp-json\/wp\/v2\/pages\/1378\/revisions\/3303"}],"up":[{"embeddable":true,"href":"https:\/\/staging.kabera.de\/index.php\/wp-json\/wp\/v2\/pages\/45"}],"wp:attachment":[{"href":"https:\/\/staging.kabera.de\/index.php\/wp-json\/wp\/v2\/media?parent=1378"}],"curies":[{"name":"wp","href":"https:\/\/api.w.org\/{rel}","templated":true}]}}