{"id":1377,"date":"2020-12-18T16:38:54","date_gmt":"2020-12-18T16:38:54","guid":{"rendered":"https:\/\/kabera.de\/?page_id=1377"},"modified":"2021-03-08T17:07:13","modified_gmt":"2021-03-08T17:07:13","slug":"binge-eating","status":"publish","type":"page","link":"https:\/\/staging.kabera.de\/index.php\/informationen\/binge-eating\/","title":{"rendered":"Binge-Eating"},"content":{"rendered":"\t\t<div data-elementor-type=\"wp-page\" data-elementor-id=\"1377\" class=\"elementor elementor-1377\">\n\t\t\t\t\t\t<section class=\"elementor-section elementor-top-section elementor-element elementor-element-480f092b elementor-section-stretched breadcrumbs elementor-section-boxed elementor-section-height-default elementor-section-height-default\" data-id=\"480f092b\" data-element_type=\"section\" data-settings=\"{&quot;stretch_section&quot;:&quot;section-stretched&quot;,&quot;background_background&quot;:&quot;classic&quot;}\">\n\t\t\t\t\t\t<div class=\"elementor-container elementor-column-gap-default\">\n\t\t\t\t\t<div class=\"elementor-column elementor-col-50 elementor-top-column elementor-element elementor-element-3fd21a4\" data-id=\"3fd21a4\" data-element_type=\"column\">\n\t\t\t<div class=\"elementor-widget-wrap elementor-element-populated\">\n\t\t\t\t\t\t<div class=\"elementor-element elementor-element-75c902f8 elementor-widget elementor-widget-heading\" data-id=\"75c902f8\" data-element_type=\"widget\" data-widget_type=\"heading.default\">\n\t\t\t\t<div class=\"elementor-widget-container\">\n\t\t\t\t\t<h3 class=\"elementor-heading-title elementor-size-default\">Binge-Eating<\/h3>\t\t\t\t<\/div>\n\t\t\t\t<\/div>\n\t\t\t\t\t<\/div>\n\t\t<\/div>\n\t\t\t\t<div class=\"elementor-column elementor-col-50 elementor-top-column elementor-element elementor-element-380ef0d8\" data-id=\"380ef0d8\" data-element_type=\"column\">\n\t\t\t<div class=\"elementor-widget-wrap elementor-element-populated\">\n\t\t\t\t\t\t<div class=\"elementor-element elementor-element-4e538571 nomargin breadcrumb elementor-widget elementor-widget-text-editor\" data-id=\"4e538571\" data-element_type=\"widget\" data-widget_type=\"text-editor.default\">\n\t\t\t\t<div class=\"elementor-widget-container\">\n\t\t\t\t\t\t\t\t\t<p><a href=\"https:\/\/staging.kabera.de\/\">Home<\/a>\u00a0 \u00a0&gt;\u00a0 \u00a0<a href=\"https:\/\/staging.kabera.de\/index.php\/informationen\/\">Informationen<\/a>\u00a0 \u00a0&gt;\u00a0 \u00a0<a href=\"https:\/\/staging.kabera.de\/index.php\/informationen\/binge-eating\/\">Binge-Eating<\/a><\/p>\t\t\t\t\t\t\t\t<\/div>\n\t\t\t\t<\/div>\n\t\t\t\t\t<\/div>\n\t\t<\/div>\n\t\t\t\t\t<\/div>\n\t\t<\/section>\n\t\t\t\t<section class=\"elementor-section elementor-top-section elementor-element elementor-element-29a02b3 elementor-section-stretched elementor-section-boxed elementor-section-height-default elementor-section-height-default\" data-id=\"29a02b3\" data-element_type=\"section\" data-settings=\"{&quot;stretch_section&quot;:&quot;section-stretched&quot;}\">\n\t\t\t\t\t\t<div class=\"elementor-container elementor-column-gap-default\">\n\t\t\t\t\t<div class=\"elementor-column elementor-col-100 elementor-top-column elementor-element elementor-element-659b14d desktop_extrapadd\" data-id=\"659b14d\" data-element_type=\"column\">\n\t\t\t<div class=\"elementor-widget-wrap elementor-element-populated\">\n\t\t\t\t\t\t<div class=\"elementor-element elementor-element-0773d09 elementor-widget elementor-widget-heading\" data-id=\"0773d09\" data-element_type=\"widget\" data-widget_type=\"heading.default\">\n\t\t\t\t<div class=\"elementor-widget-container\">\n\t\t\t\t\t<h4 class=\"elementor-heading-title elementor-size-default\">Informationen zum Thema Binge-Eating<\/h4>\t\t\t\t<\/div>\n\t\t\t\t<\/div>\n\t\t\t\t<div class=\"elementor-element elementor-element-3422063 elementor-widget elementor-widget-text-editor\" data-id=\"3422063\" data-element_type=\"widget\" data-widget_type=\"text-editor.default\">\n\t\t\t\t<div class=\"elementor-widget-container\">\n\t\t\t\t\t\t\t\t\t<p>Diese Informationen bieten kein vollst\u00e4ndiges Abbild der unterschiedlichen, individuellen Auspr\u00e4gungen von Essst\u00f6rungen. Falls nur Teile der unten genannten Informationen auf Sie zutreffen oder Sie einfach das Gef\u00fchl haben eine Beratung k\u00f6nnte f\u00fcr Sie hilfreich sein, k\u00f6nnen Sie uns jederzeit kontaktieren.<\/p>\t\t\t\t\t\t\t\t<\/div>\n\t\t\t\t<\/div>\n\t\t\t\t\t<\/div>\n\t\t<\/div>\n\t\t\t\t\t<\/div>\n\t\t<\/section>\n\t\t\t\t<section class=\"elementor-section elementor-top-section elementor-element elementor-element-8cc03e1 elementor-section-boxed elementor-section-height-default elementor-section-height-default\" data-id=\"8cc03e1\" data-element_type=\"section\">\n\t\t\t\t\t\t<div class=\"elementor-container elementor-column-gap-default\">\n\t\t\t\t\t<div class=\"elementor-column elementor-col-100 elementor-top-column elementor-element elementor-element-a10d00e\" data-id=\"a10d00e\" data-element_type=\"column\">\n\t\t\t<div class=\"elementor-widget-wrap elementor-element-populated\">\n\t\t\t\t\t\t<div class=\"elementor-element elementor-element-3d83f28 elementor-widget elementor-widget-toggle\" data-id=\"3d83f28\" data-element_type=\"widget\" data-widget_type=\"toggle.default\">\n\t\t\t\t<div class=\"elementor-widget-container\">\n\t\t\t\t\t\t\t<div class=\"elementor-toggle\">\n\t\t\t\t\t\t\t<div class=\"elementor-toggle-item\">\n\t\t\t\t\t<div id=\"elementor-tab-title-6451\" class=\"elementor-tab-title\" data-tab=\"1\" role=\"button\" aria-controls=\"elementor-tab-content-6451\" aria-expanded=\"false\">\n\t\t\t\t\t\t\t\t\t\t\t\t<span class=\"elementor-toggle-icon elementor-toggle-icon-left\" aria-hidden=\"true\">\n\t\t\t\t\t\t\t\t\t\t\t\t\t\t\t<span class=\"elementor-toggle-icon-closed\"><i class=\"fas fa-plus\"><\/i><\/span>\n\t\t\t\t\t\t\t\t<span class=\"elementor-toggle-icon-opened\"><i class=\"elementor-toggle-icon-opened fas fa-minus\"><\/i><\/span>\n\t\t\t\t\t\t\t\t\t\t\t\t\t<\/span>\n\t\t\t\t\t\t\t\t\t\t\t\t<a class=\"elementor-toggle-title\" tabindex=\"0\">Informationen rund um Binge-Eating<\/a>\n\t\t\t\t\t<\/div>\n\n\t\t\t\t\t<div id=\"elementor-tab-content-6451\" class=\"elementor-tab-content elementor-clearfix\" data-tab=\"1\" role=\"region\" aria-labelledby=\"elementor-tab-title-6451\"><p><strong>Typische Anzeichen: <\/strong><\/p><p>Betroffene von Binge-Eating leiden unter unkontrollierbaren Hei\u00dfhungerattacken, die sich in einer Essattacke mit gro\u00dfen Mengen an Nahrung entladen. Im Gegensatz zur Bulimie kommt es hier nicht zu regulatorischen Gegenma\u00dfnahmen. Unter Umst\u00e4nden kommt es durch immer h\u00e4ufiger werdende Essanf\u00e4lle zu \u00dcbergewicht oder Adipositas. Allerdings stellt das keine unbedingte Folge der Erkrankung dar. Die Symptome k\u00f6nnen zun\u00e4chst auch \u00e4u\u00dferlich unbemerkbar bleiben. Menschen, die unter Essanf\u00e4llen leiden, berichten h\u00e4ufig von hastigem Essen, einem Gef\u00fchl von Kontrollverlust, Alleinsein, Besch\u00e4mung und hinterher Ekel \u00fcber sich selbst, Schuldgef\u00fchlen und Depressionen. Die Essanf\u00e4lle finden h\u00e4ufig im Verborgenen statt.<\/p><p>\u00a0<\/p><p><strong>Ursachen:<\/strong><\/p><p>Ausl\u00f6ser der Krankheit sind meistens psychischer Natur, wie z.B. Stress oder andere belastende Gef\u00fchlszust\u00e4nde. Die Entstehung der Essst\u00f6rung beinhaltet wie alle anderen Essst\u00f6rungen unterschiedliche theoretische Komponenten. Im Vorhinein gez\u00fcgeltes Essverhalten kann ein Risikofaktor bei der Entstehung von Binge Eating darstellen. Faktoren der pers\u00f6nlichen Entwicklung k\u00f6nnen ebenso Risikofaktoren sein: z.B. Unzufriedenheit mit der Figur und ein niedriges Selbstwertgef\u00fchl gekn\u00fcpft an die Wichtigkeit der \u00e4u\u00dferen Erscheinung.<\/p><p>\u00a0<\/p><p><strong>Folgen: <\/strong><\/p><p>Zu den m\u00f6glichen k\u00f6rperlichen Folgen von Binge Eating geh\u00f6ren \u00dcbergewicht, das metabolische Syndrom und andere Stoffwechselst\u00f6rungen, sowie verschiedene psychische Belastungsanzeichen.<\/p><p><strong>\u00a0<\/strong><\/p><p>Wir beraten Sie und kl\u00e4ren Sie auf, welche Schritte Sie gehen k\u00f6nnen, um ihren Zustand zu verstehen und einen Weg heraus aus der Krankheit zu finden.<\/p><\/div>\n\t\t\t\t<\/div>\n\t\t\t\t\t\t\t\t<\/div>\n\t\t\t\t\t\t<\/div>\n\t\t\t\t<\/div>\n\t\t\t\t\t<\/div>\n\t\t<\/div>\n\t\t\t\t\t<\/div>\n\t\t<\/section>\n\t\t\t\t<\/div>\n\t\t","protected":false},"excerpt":{"rendered":"<p>Binge-Eating Home\u00a0 \u00a0&gt;\u00a0 \u00a0Informationen\u00a0 \u00a0&gt;\u00a0 \u00a0Binge-Eating Informationen zum Thema Binge-Eating Diese Informationen bieten kein vollst\u00e4ndiges Abbild der unterschiedlichen, individuellen Auspr\u00e4gungen von Essst\u00f6rungen. [&hellip;]<\/p>\n","protected":false},"author":1,"featured_media":0,"parent":45,"menu_order":0,"comment_status":"closed","ping_status":"closed","template":"elementor_header_footer","meta":{"footnotes":""},"class_list":["post-1377","page","type-page","status-publish","hentry"],"_links":{"self":[{"href":"https:\/\/staging.kabera.de\/index.php\/wp-json\/wp\/v2\/pages\/1377","targetHints":{"allow":["GET"]}}],"collection":[{"href":"https:\/\/staging.kabera.de\/index.php\/wp-json\/wp\/v2\/pages"}],"about":[{"href":"https:\/\/staging.kabera.de\/index.php\/wp-json\/wp\/v2\/types\/page"}],"author":[{"embeddable":true,"href":"https:\/\/staging.kabera.de\/index.php\/wp-json\/wp\/v2\/users\/1"}],"replies":[{"embeddable":true,"href":"https:\/\/staging.kabera.de\/index.php\/wp-json\/wp\/v2\/comments?post=1377"}],"version-history":[{"count":28,"href":"https:\/\/staging.kabera.de\/index.php\/wp-json\/wp\/v2\/pages\/1377\/revisions"}],"predecessor-version":[{"id":3309,"href":"https:\/\/staging.kabera.de\/index.php\/wp-json\/wp\/v2\/pages\/1377\/revisions\/3309"}],"up":[{"embeddable":true,"href":"https:\/\/staging.kabera.de\/index.php\/wp-json\/wp\/v2\/pages\/45"}],"wp:attachment":[{"href":"https:\/\/staging.kabera.de\/index.php\/wp-json\/wp\/v2\/media?parent=1377"}],"curies":[{"name":"wp","href":"https:\/\/api.w.org\/{rel}","templated":true}]}}